{"id":33132,"date":"2026-04-22T05:27:01","date_gmt":"2026-04-22T03:27:01","guid":{"rendered":"https:\/\/happyhome1.com\/?post_type=product&#038;p=33132"},"modified":"2026-04-22T05:27:01","modified_gmt":"2026-04-22T03:27:01","slug":"%d9%83%d9%86%d8%a8%d8%a9-%d8%b1%d9%83%d9%86%d8%a9-%d8%ae%d8%b4%d8%a8-%d8%b7%d8%a8%d9%8a%d8%b9%d9%8a-%d8%b1%d9%85%d8%a7%d8%af%d9%8a-280x180x80x90-%d8%b3%d9%85","status":"publish","type":"product","link":"https:\/\/happyhome1.com\/?product=%d9%83%d9%86%d8%a8%d8%a9-%d8%b1%d9%83%d9%86%d8%a9-%d8%ae%d8%b4%d8%a8-%d8%b7%d8%a8%d9%8a%d8%b9%d9%8a-%d8%b1%d9%85%d8%a7%d8%af%d9%8a-280x180x80x90-%d8%b3%d9%85","title":{"rendered":"\u0643\u0646\u0628\u0629 \u0631\u0643\u0646\u0629 \u062e\u0634\u0628 \u0637\u0628\u064a\u0639\u064a &#8211; \u0631\u0645\u0627\u062f\u064a &#8211; 280\u00d7180\u00d780\u00d790 \u0633\u0645"},"content":{"rendered":"<p>\u0645\u0635\u0646\u0648\u0639\u0629 \u0645\u0646:<br \/>\n\u062e\u0634\u0628 \u0637\u0628\u064a\u0639\u064a \u0639\u0627\u0644\u064a \u0627\u0644\u062c\u0648\u062f\u0629.<br \/>\n\u0627\u0633\u0641\u0646\u062c \u0643\u062b\u0627\u0641\u0629 33.<br \/>\n\u0643\u062a\u0627\u0646.<br \/>\n\u0627\u0644\u0645\u0642\u0627\u0633\u0627\u062a:<br \/>\n\u0627\u0644\u0637\u0648\u0644 (\u0633\u0645): 280 \u0633\u0645<br \/>\n\u0627\u0644\u0639\u0631\u0636 (\u0633\u0645): 180 \u0633\u0645<br \/>\n\u0627\u0644\u0623\u0631\u062a\u0641\u0627\u0639 (\u0633\u0645): 80 \u0633\u0645<br \/>\n\u0627\u0644\u0639\u0645\u0642 (\u0633\u0645): 90 \u0633\u0645<br \/>\n\u062a\u062d\u062a\u0648\u064a \u0639\u0644\u064a: \u0645\u062e\u062f\u0627\u062a<br \/>\n\u0639\u062f\u062f \u0627\u0644\u0645\u062e\u062f\u0627\u062a: 4<\/p>\n","protected":false},"excerpt":{"rendered":"<div class=\"product-specs\">\n<table>\n<tr>\n<th>SKU<\/th>\n<td>JOUFURH08142058<\/td>\n<\/tr>\n<tr>\n<th>\u0627\u0644\u0644\u0648\u0646<\/th>\n<td>\u0631\u0645\u0627\u062f\u064a<\/td>\n<\/tr>\n<tr>\n<th>\u0628\u0644\u062f \u0627\u0644\u0645\u0646\u0634\u0623<\/th>\n<td>\u0645\u0635\u0631<\/td>\n<\/tr>\n<tr>\n<th>\u0646\u0648\u0639 \u0627\u0644\u0642\u0645\u0627\u0634<\/th>\n<td>\u0643\u062a\u0627\u0646 \u0646\u0627\u0639\u0645<\/td>\n<\/tr>\n<tr>\n<th>\u0627\u0644\u062e\u0627\u0645\u0627\u062a \u0628\u0627\u0644\u062a\u0641\u0635\u064a\u0644<\/th>\n<td>Natural Wood<\/td>\n<\/tr>\n<tr>\n<th>\u0627\u0644\u0625\u0631\u062a\u0641\u0627\u0639 (\u0633\u0645)<\/th>\n<td>80<\/td>\n<\/tr>\n<tr>\n<th>\u0627\u0644\u0639\u0631\u0636 (\u0633\u0645)<\/th>\n<td>280<\/td>\n<\/tr>\n<tr>\n<th>\u0627\u0644\u0639\u0645\u0642 (\u0633\u0645)<\/th>\n<td>180<\/td>\n<\/tr>\n<tr>\n<th>\u0639\u0645\u0642 2 (\u0633\u0645)<\/th>\n<td>90<\/td>\n<\/tr>\n<\/table>\n<\/div>\n","protected":false},"featured_media":33137,"comment_status":"open","ping_status":"closed","template":"","meta":{"_acf_changed":false},"product_brand":[],"product_cat":[117,205,281],"product_tag":[],"class_list":{"0":"post-33132","1":"product","2":"type-product","3":"status-publish","4":"has-post-thumbnail","6":"product_cat-117","7":"product_cat-205","8":"product_cat-281","10":"first","11":"instock","12":"sale","13":"shipping-taxable","14":"purchasable","15":"product-type-simple"},"acf":[],"_links":{"self":[{"href":"https:\/\/happyhome1.com\/index.php?rest_route=\/wp\/v2\/product\/33132","targetHints":{"allow":["GET"]}}],"collection":[{"href":"https:\/\/happyhome1.com\/index.php?rest_route=\/wp\/v2\/product"}],"about":[{"href":"https:\/\/happyhome1.com\/index.php?rest_route=\/wp\/v2\/types\/product"}],"replies":[{"embeddable":true,"href":"https:\/\/happyhome1.com\/index.php?rest_route=%2Fwp%2Fv2%2Fcomments&post=33132"}],"version-history":[{"count":1,"href":"https:\/\/happyhome1.com\/index.php?rest_route=\/wp\/v2\/product\/33132\/revisions"}],"predecessor-version":[{"id":33139,"href":"https:\/\/happyhome1.com\/index.php?rest_route=\/wp\/v2\/product\/33132\/revisions\/33139"}],"wp:featuredmedia":[{"embeddable":true,"href":"https:\/\/happyhome1.com\/index.php?rest_route=\/wp\/v2\/media\/33137"}],"wp:attachment":[{"href":"https:\/\/happyhome1.com\/index.php?rest_route=%2Fwp%2Fv2%2Fmedia&parent=33132"}],"wp:term":[{"taxonomy":"product_brand","embeddable":true,"href":"https:\/\/happyhome1.com\/index.php?rest_route=%2Fwp%2Fv2%2Fproduct_brand&post=33132"},{"taxonomy":"product_cat","embeddable":true,"href":"https:\/\/happyhome1.com\/index.php?rest_route=%2Fwp%2Fv2%2Fproduct_cat&post=33132"},{"taxonomy":"product_tag","embeddable":true,"href":"https:\/\/happyhome1.com\/index.php?rest_route=%2Fwp%2Fv2%2Fproduct_tag&post=33132"}],"curies":[{"name":"wp","href":"https:\/\/api.w.org\/{rel}","templated":true}]}}