{"id":32730,"date":"2026-04-17T23:36:51","date_gmt":"2026-04-17T21:36:51","guid":{"rendered":"https:\/\/happyhome1.com\/?post_type=product&#038;p=32730"},"modified":"2026-04-17T23:36:51","modified_gmt":"2026-04-17T21:36:51","slug":"%d8%a8%d8%a7%d9%86%d9%83%d9%8a%d8%aa-%d8%b3%d8%aa%d9%8a%d9%84-%d9%88%d9%82%d8%b7%d9%8a%d9%81%d8%a9-%d8%a3%d8%ae%d8%b6%d8%b1-%d9%88%d8%b0%d9%87%d8%a8%d9%8a-50x35x110x33-%d8%b3%d9%85","status":"publish","type":"product","link":"https:\/\/happyhome1.com\/?product=%d8%a8%d8%a7%d9%86%d9%83%d9%8a%d8%aa-%d8%b3%d8%aa%d9%8a%d9%84-%d9%88%d9%82%d8%b7%d9%8a%d9%81%d8%a9-%d8%a3%d8%ae%d8%b6%d8%b1-%d9%88%d8%b0%d9%87%d8%a8%d9%8a-50x35x110x33-%d8%b3%d9%85","title":{"rendered":"\u0628\u0627\u0646\u0643\u064a\u062a \u0633\u062a\u064a\u0644 \u0648\u0642\u0637\u064a\u0641\u0629 \u0623\u062e\u0636\u0631 \u0648\u0630\u0647\u0628\u064a &#8211; 50\u00d735\u00d7110\u00d733 \u0633\u0645"},"content":{"rendered":"<p>\u064a\u062a\u0636\u0645\u0646 \u0631\u0641 \u0644\u062a\u062e\u0632\u064a\u0646 \u0627\u0644\u0623\u062d\u0630\u064a\u0629<br \/>\n\u0627\u0644\u0644\u0648\u0646: \u0623\u062e\u0636\u0631 \u0648\u0630\u0647\u0628\u064a<br \/>\n\u0627\u0644\u0625\u0631\u062a\u0641\u0627\u0639 (\u0633\u0645): 50<br \/>\n\u0627\u0644\u0639\u0631\u0636 (\u0633\u0645): 35<br \/>\n\u0627\u0644\u0637\u0648\u0644 (\u0633\u0645): 110<br \/>\n\u0627\u0644\u0639\u0645\u0642 (\u0633\u0645): 33<br \/>\n\u0627\u0644\u062e\u0627\u0645\u0629 \u0627\u0644\u0623\u0633\u0627\u0633\u064a\u0629: \u0633\u062a\u064a\u0644 \u062f\u0647\u0627\u0646 \u0625\u0644\u0643\u062a\u0631\u0648\u0633\u062a\u0627\u062a\u064a\u0643 \u0648\u0627\u0644\u0642\u0645\u0627\u0634 \u0642\u0637\u064a\u0641\u0629<br \/>\n\u0628\u0644\u062f \u0627\u0644\u0645\u0646\u0634\u0623: \u0645\u0635\u0631<\/p>\n","protected":false},"excerpt":{"rendered":"<div class=\"product-specs\">\n<table>\n<tbody>\n<tr>\n<td>SKU<\/td>\n<td>STSTS56<\/td>\n<\/tr>\n<tr>\n<td>\u0627\u0644\u0644\u0648\u0646<\/td>\n<td>\u0630\u0647\u0628\u064a<\/td>\n<\/tr>\n<tr>\n<td>\u0628\u0644\u062f \u0627\u0644\u0645\u0646\u0634\u0623<\/td>\n<td>\u0645\u0635\u0631<\/td>\n<\/tr>\n<tr>\n<td>\u0627\u0644\u062e\u0627\u0645\u0629 \u0627\u0644\u0623\u0633\u0627\u0633\u064a\u0629<\/td>\n<td>\u0633\u062a\u064a\u0644<\/td>\n<\/tr>\n<tr>\n<td>\u0627\u0644\u062e\u0627\u0645\u0627\u062a \u0628\u0627\u0644\u062a\u0641\u0635\u064a\u0644<\/td>\n<td>Steel electrostatic paint, Velvet upholstery<\/td>\n<\/tr>\n<tr>\n<td>\u0627\u0644\u0625\u0631\u062a\u0641\u0627\u0639 (\u0633\u0645)<\/td>\n<td>50<\/td>\n<\/tr>\n<tr>\n<td>\u0627\u0644\u0639\u0631\u0636 (\u0633\u0645)<\/td>\n<td>110<\/td>\n<\/tr>\n<tr>\n<td>\u0627\u0644\u0639\u0645\u0642 (\u0633\u0645)<\/td>\n<td>35<\/td>\n<\/tr>\n<tr>\n<td>\u0646\u0648\u0639 \u0627\u0644\u0642\u0645\u0627\u0634<\/td>\n<td>\u0642\u0637\u064a\u0641\u0629<\/td>\n<\/tr>\n<\/tbody>\n<\/table>\n<\/div>\n","protected":false},"featured_media":32732,"comment_status":"open","ping_status":"closed","template":"","meta":{"_acf_changed":false},"product_brand":[],"product_cat":[117,207],"product_tag":[],"class_list":{"0":"post-32730","1":"product","2":"type-product","3":"status-publish","4":"has-post-thumbnail","6":"product_cat-117","7":"product_cat-207","9":"first","10":"instock","11":"sale","12":"shipping-taxable","13":"purchasable","14":"product-type-simple"},"acf":[],"_links":{"self":[{"href":"https:\/\/happyhome1.com\/index.php?rest_route=\/wp\/v2\/product\/32730","targetHints":{"allow":["GET"]}}],"collection":[{"href":"https:\/\/happyhome1.com\/index.php?rest_route=\/wp\/v2\/product"}],"about":[{"href":"https:\/\/happyhome1.com\/index.php?rest_route=\/wp\/v2\/types\/product"}],"replies":[{"embeddable":true,"href":"https:\/\/happyhome1.com\/index.php?rest_route=%2Fwp%2Fv2%2Fcomments&post=32730"}],"version-history":[{"count":1,"href":"https:\/\/happyhome1.com\/index.php?rest_route=\/wp\/v2\/product\/32730\/revisions"}],"predecessor-version":[{"id":32733,"href":"https:\/\/happyhome1.com\/index.php?rest_route=\/wp\/v2\/product\/32730\/revisions\/32733"}],"wp:featuredmedia":[{"embeddable":true,"href":"https:\/\/happyhome1.com\/index.php?rest_route=\/wp\/v2\/media\/32732"}],"wp:attachment":[{"href":"https:\/\/happyhome1.com\/index.php?rest_route=%2Fwp%2Fv2%2Fmedia&parent=32730"}],"wp:term":[{"taxonomy":"product_brand","embeddable":true,"href":"https:\/\/happyhome1.com\/index.php?rest_route=%2Fwp%2Fv2%2Fproduct_brand&post=32730"},{"taxonomy":"product_cat","embeddable":true,"href":"https:\/\/happyhome1.com\/index.php?rest_route=%2Fwp%2Fv2%2Fproduct_cat&post=32730"},{"taxonomy":"product_tag","embeddable":true,"href":"https:\/\/happyhome1.com\/index.php?rest_route=%2Fwp%2Fv2%2Fproduct_tag&post=32730"}],"curies":[{"name":"wp","href":"https:\/\/api.w.org\/{rel}","templated":true}]}}