{"id":30813,"date":"2026-04-08T08:25:11","date_gmt":"2026-04-08T06:25:11","guid":{"rendered":"https:\/\/happyhome1.com\/?post_type=product&#038;p=30813"},"modified":"2026-04-08T08:25:11","modified_gmt":"2026-04-08T06:25:11","slug":"%d8%b3%d8%b1%d9%8a%d8%b1-120x180x195x30-%d8%b3%d9%85-%d9%85%d9%86-dedr-21-2b-%d8%a3%d9%88%d9%81-%d9%88%d8%a7%d9%8a%d8%aa","status":"publish","type":"product","link":"https:\/\/happyhome1.com\/?product=%d8%b3%d8%b1%d9%8a%d8%b1-120x180x195x30-%d8%b3%d9%85-%d9%85%d9%86-dedr-21-2b-%d8%a3%d9%88%d9%81-%d9%88%d8%a7%d9%8a%d8%aa","title":{"rendered":"\u0633\u0631\u064a\u0631 120\u00d7180\u00d7195\u00d730 \u0633\u0645 \u0645\u0646 DEDR.21-2B &#8211; \u0623\u0648\u0641 \u0648\u0627\u064a\u062a"},"content":{"rendered":"<p>\u0627\u0644\u0644\u0648\u0646: \u0623\u0648\u0641 \u0648\u0627\u064a\u062a<br \/>\n\u0627\u0644\u062e\u0627\u0645\u0629: \u062e\u0634\u0628 \u0632\u0627\u0646 \u0648 \u0627\u0645 \u062f\u0649 \u0627\u0641<br \/>\n\u0627\u0644\u0627\u0631\u062a\u0641\u0627\u0639 (\u0633\u0645): 120<br \/>\n\u0627\u0644\u0639\u0631\u0636 (\u0633\u0645): 180<br \/>\n\u0627\u0644\u0637\u0648\u0644 (\u0633\u0645): 200<br \/>\n\u0627\u0644\u0637\u0648\u0644 (\u0633\u0645): 30<br \/>\n\u0646\u0648\u0639 \u0627\u0644\u0642\u0645\u0627\u0634: \u0642\u0637\u064a\u0641\u0629<br \/>\n\u062e\u0627\u0645\u0629 \u062a\u0646\u062c\u064a\u062f \u0627\u0644\u0644\u0648\u062d \u0627\u0644\u0623\u0645\u0627\u0645\u0649 \u0644\u0644\u0633\u0631\u064a\u0631 : \u0625\u0633\u0646\u0641\u062c<br \/>\n\u0645\u0632\u0648\u062f \u0628\u0645\u0633\u0627\u062d\u0629 \u062a\u062e\u0632\u064a\u0646: \u0644\u0627<br \/>\n\u064a\u062a\u0636\u0645\u0646 \u0623\u0644\u0648\u0627\u062d \u0627\u0644\u0633\u0631\u064a\u0631: \u0646\u0639\u0645<br \/>\n\u062e\u0627\u0645\u0629 \u0623\u0644\u0648\u0627\u062d \u0627\u0644\u0633\u0631\u064a\u0631: \u062e\u0634\u0628 \u0632\u0627\u0646 \u0648 \u0625\u0645 \u062f\u064a \u0625\u0641<br \/>\n\u064a\u062d\u062a\u0627\u062c \u0627\u0644\u0649 \u062a\u0631\u0643\u064a\u0628 (\u0646\u0639\u0645\/\u0644\u0627): \u0646\u0639\u0645<br \/>\n\u0639\u062f\u062f \u0627\u0644\u0623\u062c\u0632\u0627\u0621 (\u0641\u064a \u062d\u0627\u0644\u0629 \u0627\u0644\u062a\u062c\u0645\u064a\u0639): 3<br \/>\n\u0627\u0644\u0641\u0626\u0629 \u0627\u0644\u0645\u0633\u062a\u0647\u062f\u0641\u0629: \u0628\u0627\u0644\u063a\u064a\u0646<br \/>\n\u0628\u0644\u062f \u0627\u0644\u0645\u0646\u0634\u0623: \u0645\u0635\u0631<br \/>\n\u0627\u0644\u0636\u0645\u0627\u0646: \u0633\u0646\u0629<\/p>\n","protected":false},"excerpt":{"rendered":"<ul>\n<li><strong>\u0627\u0644\u0637\u0648\u0644 (\u0633\u0645):<\/strong> 200<\/li>\n<li><strong>\u0627\u0644\u0639\u0631\u0636 (\u0633\u0645):<\/strong> 180<\/li>\n<li><strong>\u0627\u0644\u0625\u0631\u062a\u0641\u0627\u0639 (\u0633\u0645):<\/strong> 120<\/li>\n<li><strong>\u0627\u0644\u062e\u0627\u0645\u0627\u062a \u0628\u0627\u0644\u062a\u0641\u0635\u064a\u0644:<\/strong> Zan wood and MDF<\/li>\n<li><strong>\u0628\u0644\u062f \u0627\u0644\u0645\u0646\u0634\u0623:<\/strong> \u0645\u0635\u0631<\/li>\n<li><strong>\u0627\u0644\u0644\u0648\u0646:<\/strong> \u0623\u0648\u0641 \u0648\u0627\u064a\u062a<\/li>\n<li><strong>SKU:<\/strong> DEDR.21-2B<\/li>\n<\/ul>\n","protected":false},"featured_media":30815,"comment_status":"open","ping_status":"closed","template":"","meta":{"_acf_changed":false},"product_brand":[],"product_cat":[114,228,257],"product_tag":[],"class_list":{"0":"post-30813","1":"product","2":"type-product","3":"status-publish","4":"has-post-thumbnail","6":"product_cat-114","7":"product_cat-228","8":"product_cat-257","10":"first","11":"instock","12":"sale","13":"shipping-taxable","14":"purchasable","15":"product-type-simple"},"acf":[],"_links":{"self":[{"href":"https:\/\/happyhome1.com\/index.php?rest_route=\/wp\/v2\/product\/30813","targetHints":{"allow":["GET"]}}],"collection":[{"href":"https:\/\/happyhome1.com\/index.php?rest_route=\/wp\/v2\/product"}],"about":[{"href":"https:\/\/happyhome1.com\/index.php?rest_route=\/wp\/v2\/types\/product"}],"replies":[{"embeddable":true,"href":"https:\/\/happyhome1.com\/index.php?rest_route=%2Fwp%2Fv2%2Fcomments&post=30813"}],"version-history":[{"count":1,"href":"https:\/\/happyhome1.com\/index.php?rest_route=\/wp\/v2\/product\/30813\/revisions"}],"predecessor-version":[{"id":30816,"href":"https:\/\/happyhome1.com\/index.php?rest_route=\/wp\/v2\/product\/30813\/revisions\/30816"}],"wp:featuredmedia":[{"embeddable":true,"href":"https:\/\/happyhome1.com\/index.php?rest_route=\/wp\/v2\/media\/30815"}],"wp:attachment":[{"href":"https:\/\/happyhome1.com\/index.php?rest_route=%2Fwp%2Fv2%2Fmedia&parent=30813"}],"wp:term":[{"taxonomy":"product_brand","embeddable":true,"href":"https:\/\/happyhome1.com\/index.php?rest_route=%2Fwp%2Fv2%2Fproduct_brand&post=30813"},{"taxonomy":"product_cat","embeddable":true,"href":"https:\/\/happyhome1.com\/index.php?rest_route=%2Fwp%2Fv2%2Fproduct_cat&post=30813"},{"taxonomy":"product_tag","embeddable":true,"href":"https:\/\/happyhome1.com\/index.php?rest_route=%2Fwp%2Fv2%2Fproduct_tag&post=30813"}],"curies":[{"name":"wp","href":"https:\/\/api.w.org\/{rel}","templated":true}]}}