{"id":29792,"date":"2026-03-24T05:03:38","date_gmt":"2026-03-24T03:03:38","guid":{"rendered":"https:\/\/happyhome1.com\/?post_type=product&#038;p=29792"},"modified":"2026-03-24T05:25:00","modified_gmt":"2026-03-24T03:25:00","slug":"%d8%aa%d8%b1%d8%a7%d8%a8%d9%8a%d8%b2%d8%a9-%d9%82%d9%87%d9%88%d8%a9-%d8%a3%d9%85-%d8%af%d9%8a-%d8%a7%d9%81-%d8%a3%d8%b3%d9%88%d8%af-50x45x75x50-%d8%b3%d9%85","status":"publish","type":"product","link":"https:\/\/happyhome1.com\/?product=%d8%aa%d8%b1%d8%a7%d8%a8%d9%8a%d8%b2%d8%a9-%d9%82%d9%87%d9%88%d8%a9-%d8%a3%d9%85-%d8%af%d9%8a-%d8%a7%d9%81-%d8%a3%d8%b3%d9%88%d8%af-50x45x75x50-%d8%b3%d9%85","title":{"rendered":"\u062a\u0631\u0627\u0628\u064a\u0632\u0629 \u0642\u0647\u0648\u0629 \u0623\u0645 \u062f\u064a \u0627\u0641 \u0623\u0633\u0648\u062f &#8211; 50\u00d745\u00d775\u00d750 \u0633\u0645"},"content":{"rendered":"<p>\u0627\u0644\u0644\u0648\u0646: \u0623\u0633\u0648\u062f \u0648\u0623\u0628\u064a\u0636<br \/>\n\u0627\u0644\u0639\u0645\u0642 (\u0633\u0645): 50<br \/>\n\u0627\u0644\u0627\u0631\u062a\u0641\u0627\u0639 (\u0633\u0645): 45<br \/>\n\u0627\u0644\u0637\u0648\u0644 (\u0633\u0645): 75<br \/>\n\u0627\u0644\u0639\u0631\u0636 (\u0633\u0645): 50<br \/>\n\u0627\u0628\u0639\u0627\u062f \u0645\u0633\u0627\u062d\u0629 \u0627\u0644\u062a\u062e\u0632\u064a\u0646 \u0627\u0644\u062f\u0627\u062e\u0644\u064a\u0629: 50X75<br \/>\n\u0645\u0643\u0648\u0646\u0627\u062a \u0627\u0644\u0645\u0646\u062a\u062c \u0645\u0646 \u0627\u0644\u062f\u0627\u062e\u0644 : 50X75<br \/>\n\u062a\u0642\u0633\u064a\u0645 \u0627\u0644\u0645\u0633\u0627\u062d\u0629 \u0627\u0644\u062f\u062e\u0644\u064a\u0629: 50X75<br \/>\n\u0627\u0644\u062e\u0627\u0645\u0629: \u0627\u0645 \u062f\u064a \u0627\u0641<br \/>\n\u064a\u062d\u062a\u0627\u062c \u0627\u0644\u0649 \u062a\u0631\u0643\u064a\u0628: \u0644\u0627<br \/>\n\u0627\u0644\u0636\u0645\u0627\u0646: \u0633\u0646\u0629<br \/>\n\u0628\u0644\u062f \u0627\u0644\u0645\u0646\u0634\u0623: \u0645\u0635\u0631<\/p>\n","protected":false},"excerpt":{"rendered":"<style>\nbody {\n    font-family: Arial, sans-serif;\n    background: #f5f5f5;\n}<\/p>\n<p>.container {\n    width: 500px;\n    margin: 50px auto;\n    background: #fff;\n    padding: 20px;\n}<\/p>\n<p>.title {\n    font-size: 22px;\n    margin-bottom: 15px;\n    color: #1f2a44;\n}<\/p>\n<p>table {\n    width: 100%;\n    border-collapse: collapse;\n}<\/p>\n<p>td {\n    border: 1px solid #dcdcdc;\n    padding: 12px;\n    font-size: 16px;\n}<\/p>\n<p>td:first-child {\n    color: #555;\n}<\/p>\n<p>td:last-child {\n    color: #1f2a44;\n    font-weight: bold;\n}\n<\/style>\n<div class=\"container\">\n<div class=\"title\">\u0627\u0644\u0645\u0648\u0627\u0635\u0641\u0627\u062a<\/div>\n<table>\n<tbody>\n<tr>\n<td>SKU<\/td>\n<td>TAO.A82<\/td>\n<\/tr>\n<tr>\n<td>\u0627\u0644\u0644\u0648\u0646<\/td>\n<td>\u0623\u0633\u0648\u062f<\/td>\n<\/tr>\n<tr>\n<td>\u0628\u0644\u062f \u0627\u0644\u0645\u0646\u0634\u0623<\/td>\n<td>\u0645\u0635\u0631<\/td>\n<\/tr>\n<tr>\n<td>\u0627\u0644\u062e\u0627\u0645\u0627\u062a \u0628\u0627\u0644\u062a\u0641\u0635\u064a\u0644<\/td>\n<td>MDF<\/td>\n<\/tr>\n<tr>\n<td>\u0627\u0644\u0625\u0631\u062a\u0641\u0627\u0639 (\u0633\u0645)<\/td>\n<td>45<\/td>\n<\/tr>\n<tr>\n<td>\u0627\u0644\u0639\u0631\u0636 (\u0633\u0645)<\/td>\n<td>75<\/td>\n<\/tr>\n<tr>\n<td>\u0627\u0644\u0639\u0645\u0642 (\u0633\u0645)<\/td>\n<td>50<\/td>\n<\/tr>\n<\/tbody>\n<\/table>\n<\/div>\n","protected":false},"featured_media":29795,"comment_status":"open","ping_status":"closed","template":"","meta":{"_acf_changed":false},"product_brand":[],"product_cat":[208,211],"product_tag":[],"class_list":{"0":"post-29792","1":"product","2":"type-product","3":"status-publish","4":"has-post-thumbnail","6":"product_cat-208","7":"product_cat-211","9":"first","10":"instock","11":"sale","12":"shipping-taxable","13":"purchasable","14":"product-type-simple"},"acf":[],"_links":{"self":[{"href":"https:\/\/happyhome1.com\/index.php?rest_route=\/wp\/v2\/product\/29792","targetHints":{"allow":["GET"]}}],"collection":[{"href":"https:\/\/happyhome1.com\/index.php?rest_route=\/wp\/v2\/product"}],"about":[{"href":"https:\/\/happyhome1.com\/index.php?rest_route=\/wp\/v2\/types\/product"}],"replies":[{"embeddable":true,"href":"https:\/\/happyhome1.com\/index.php?rest_route=%2Fwp%2Fv2%2Fcomments&post=29792"}],"version-history":[{"count":1,"href":"https:\/\/happyhome1.com\/index.php?rest_route=\/wp\/v2\/product\/29792\/revisions"}],"predecessor-version":[{"id":29796,"href":"https:\/\/happyhome1.com\/index.php?rest_route=\/wp\/v2\/product\/29792\/revisions\/29796"}],"wp:featuredmedia":[{"embeddable":true,"href":"https:\/\/happyhome1.com\/index.php?rest_route=\/wp\/v2\/media\/29795"}],"wp:attachment":[{"href":"https:\/\/happyhome1.com\/index.php?rest_route=%2Fwp%2Fv2%2Fmedia&parent=29792"}],"wp:term":[{"taxonomy":"product_brand","embeddable":true,"href":"https:\/\/happyhome1.com\/index.php?rest_route=%2Fwp%2Fv2%2Fproduct_brand&post=29792"},{"taxonomy":"product_cat","embeddable":true,"href":"https:\/\/happyhome1.com\/index.php?rest_route=%2Fwp%2Fv2%2Fproduct_cat&post=29792"},{"taxonomy":"product_tag","embeddable":true,"href":"https:\/\/happyhome1.com\/index.php?rest_route=%2Fwp%2Fv2%2Fproduct_tag&post=29792"}],"curies":[{"name":"wp","href":"https:\/\/api.w.org\/{rel}","templated":true}]}}